{"id":104,"date":"2023-02-10T08:09:48","date_gmt":"2023-02-10T08:09:48","guid":{"rendered":"https:\/\/fucb.de\/?page_id=104"},"modified":"2025-10-08T18:45:40","modified_gmt":"2025-10-08T18:45:40","slug":"wir-ueber-uns","status":"publish","type":"page","link":"https:\/\/fucb.de\/?page_id=104","title":{"rendered":"Wir \u00fcber uns"},"content":{"rendered":"\t\t<div data-elementor-type=\"wp-page\" data-elementor-id=\"104\" class=\"elementor elementor-104\">\n\t\t\t\t\t\t<section class=\"elementor-section elementor-top-section elementor-element elementor-element-daa1a5e elementor-section-boxed elementor-section-height-default elementor-section-height-default\" data-id=\"daa1a5e\" data-element_type=\"section\" data-e-type=\"section\">\n\t\t\t\t\t\t<div class=\"elementor-container elementor-column-gap-default\">\n\t\t\t\t\t<div class=\"elementor-column elementor-col-100 elementor-top-column elementor-element elementor-element-7f27f61c\" data-id=\"7f27f61c\" data-element_type=\"column\" data-e-type=\"column\">\n\t\t\t<div class=\"elementor-widget-wrap elementor-element-populated\">\n\t\t\t\t\t\t<div class=\"elementor-element elementor-element-59b6fa3d elementor-widget elementor-widget-text-editor\" data-id=\"59b6fa3d\" data-element_type=\"widget\" data-e-type=\"widget\" data-widget_type=\"text-editor.default\">\n\t\t\t\t<div class=\"elementor-widget-container\">\n\t\t\t\t\t\t\t\t\t<h3 class=\"wp-block-heading has-vivid-green-cyan-color has-text-color\"><strong>Wer wir sind<\/strong><\/h3>\n<p><!-- \/wp:heading --><!-- wp:paragraph --><\/p>\n<p class=\"MsoNormal\" style=\"text-align: justify;\">Wir vom FUCB setzen uns als unabh\u00e4ngige Betriebsgruppe mit unseren Betriebsr\u00e4ten f\u00fcr die Interessen aller Besch\u00e4ftigten ein. Uns ist wichtig, dass jede Stimme geh\u00f6rt wird und wir gemeinsam faire und transparente Arbeitsbedingungen schaffen. Dabei handeln wir nach christlichen Werten wie Respekt, Verantwortung und Gemeinschaft.<\/p>\n<p class=\"MsoNormal\" style=\"text-align: justify;\"><span style=\"font-size: 16px;\">Seit unserer Gr\u00fcndung 2010 stehen wir den Mitarbeitenden zur Seite \u2013 sei es bei Fragen rund um den Arbeitsplatz, bei Konflikten oder wenn es darum geht, die Zukunft unseres Betriebs aktiv mitzugestalten.<\/span><\/p>\n<p><!-- \/wp:paragraph --><!-- wp:heading {\"level\":3,\"textColor\":\"vivid-green-cyan\"} --><\/p>\n<h3 class=\"wp-block-heading has-vivid-green-cyan-color has-text-color\"><strong>Unsere Unabh\u00e4ngigkeit \u2013 ein Mehrwert f\u00fcr alle Besch\u00e4ftigten<\/strong><\/h3>\n<p><!-- \/wp:heading --><!-- wp:group {\"layout\":{\"type\":\"constrained\"}} --><\/p>\n<div class=\"wp-block-group\">\n<p><!-- wp:paragraph --><\/p>\n<p data-start=\"772\" data-end=\"954\">Wir arbeiten bewusst <strong data-start=\"793\" data-end=\"826\">unabh\u00e4ngig von Gewerkschaften<\/strong>. Das gibt uns die Freiheit, uns ganz auf die Anliegen der Mitarbeitenden im Betrieb zu konzentrieren \u2013 ohne \u00e4u\u00dfere Einfl\u00fcsse.<\/p>\n<p data-start=\"956\" data-end=\"997\">Diese Unabh\u00e4ngigkeit bedeutet f\u00fcr dich:<\/p>\n<ul data-start=\"998\" data-end=\"1264\">\n<li data-start=\"998\" data-end=\"1088\">\n<p data-start=\"1000\" data-end=\"1088\"><strong data-start=\"1000\" data-end=\"1021\">Volle Neutralit\u00e4t<\/strong> \u2013 wir vertreten ausschlie\u00dflich die Interessen der Besch\u00e4ftigten.<\/p>\n<\/li>\n<li data-start=\"1089\" data-end=\"1179\">\n<p data-start=\"1091\" data-end=\"1179\"><strong data-start=\"1091\" data-end=\"1107\">Flexibilit\u00e4t<\/strong> \u2013 wir k\u00f6nnen bei Bedarf externe Expertinnen und Experten einbeziehen.<\/p>\n<\/li>\n<li data-start=\"1180\" data-end=\"1264\">\n<p data-start=\"1182\" data-end=\"1264\"><strong data-start=\"1182\" data-end=\"1198\">Direkte N\u00e4he<\/strong> \u2013 Entscheidungen entstehen bei uns im Betrieb, nicht au\u00dferhalb.<\/p>\n<\/li>\n<\/ul>\n<p data-start=\"1266\" data-end=\"1357\">So stellen wir sicher, dass deine Themen und Bed\u00fcrfnisse jederzeit im Mittelpunkt stehen.<\/p>\n<p><!-- \/wp:paragraph --><\/p>\n<\/div>\n<p><!-- \/wp:group --><!-- wp:paragraph {\"textColor\":\"vivid-green-cyan\"} --><\/p>\n<h3 class=\"has-vivid-green-cyan-color has-text-color\"><strong>Wof\u00fcr wir stehen<\/strong><\/h3>\n<p><!-- \/wp:paragraph --><!-- wp:paragraph --><\/p>\n<ul>\n<li data-start=\"1387\" data-end=\"1427\">\n<p data-start=\"1389\" data-end=\"1427\">Transparenz und offene Kommunikation<\/p>\n<\/li>\n<li data-start=\"1428\" data-end=\"1474\">\n<p data-start=\"1430\" data-end=\"1474\">Faire Arbeitsbedingungen und Mitbestimmung<\/p>\n<\/li>\n<li data-start=\"1475\" data-end=\"1519\">\n<p data-start=\"1477\" data-end=\"1519\">Unterst\u00fctzung bei individuellen Anliegen<\/p>\n<\/li>\n<li data-start=\"1520\" data-end=\"1567\">\n<p data-start=\"1522\" data-end=\"1567\">Soziale Verantwortung und Werteorientierung<\/p>\n<\/li>\n<\/ul>\n<p><!-- \/wp:paragraph --><!-- wp:paragraph --><\/p>\n<p><!-- \/wp:paragraph --><\/p>\t\t\t\t\t\t\t\t<\/div>\n\t\t\t\t<\/div>\n\t\t\t\t\t<\/div>\n\t\t<\/div>\n\t\t\t\t\t<\/div>\n\t\t<\/section>\n\t\t\t\t<section class=\"elementor-section elementor-top-section elementor-element elementor-element-32b2ecf elementor-section-boxed elementor-section-height-default elementor-section-height-default\" data-id=\"32b2ecf\" data-element_type=\"section\" data-e-type=\"section\">\n\t\t\t\t\t\t<div class=\"elementor-container elementor-column-gap-default\">\n\t\t\t\t\t<div class=\"elementor-column elementor-col-100 elementor-top-column elementor-element elementor-element-0bee397\" data-id=\"0bee397\" data-element_type=\"column\" data-e-type=\"column\">\n\t\t\t<div class=\"elementor-widget-wrap elementor-element-populated\">\n\t\t\t\t\t\t<div class=\"elementor-element elementor-element-75890ec elementor-widget elementor-widget-spacer\" data-id=\"75890ec\" data-element_type=\"widget\" data-e-type=\"widget\" data-widget_type=\"spacer.default\">\n\t\t\t\t<div class=\"elementor-widget-container\">\n\t\t\t\t\t\t\t<div class=\"elementor-spacer\">\n\t\t\t<div class=\"elementor-spacer-inner\"><\/div>\n\t\t<\/div>\n\t\t\t\t\t\t<\/div>\n\t\t\t\t<\/div>\n\t\t\t\t<div class=\"elementor-element elementor-element-4a75399 elementor-widget elementor-widget-text-editor\" data-id=\"4a75399\" data-element_type=\"widget\" data-e-type=\"widget\" data-widget_type=\"text-editor.default\">\n\t\t\t\t<div class=\"elementor-widget-container\">\n\t\t\t\t\t\t\t\t\t<h3><strong>Antworten auf h\u00e4ufig gestellte Fragen:\u00a0<\/strong><\/h3>\t\t\t\t\t\t\t\t<\/div>\n\t\t\t\t<\/div>\n\t\t\t\t\t<\/div>\n\t\t<\/div>\n\t\t\t\t\t<\/div>\n\t\t<\/section>\n\t\t\t\t<section class=\"elementor-section elementor-top-section elementor-element elementor-element-2705649 elementor-section-boxed elementor-section-height-default elementor-section-height-default\" data-id=\"2705649\" data-element_type=\"section\" data-e-type=\"section\">\n\t\t\t\t\t\t<div class=\"elementor-container elementor-column-gap-default\">\n\t\t\t\t\t<div class=\"elementor-column elementor-col-100 elementor-top-column elementor-element elementor-element-67ab257\" data-id=\"67ab257\" data-element_type=\"column\" data-e-type=\"column\">\n\t\t\t<div class=\"elementor-widget-wrap elementor-element-populated\">\n\t\t\t\t\t\t<div class=\"elementor-element elementor-element-06323ab elementor-widget elementor-widget-toggle\" data-id=\"06323ab\" data-element_type=\"widget\" data-e-type=\"widget\" data-widget_type=\"toggle.default\">\n\t\t\t\t<div class=\"elementor-widget-container\">\n\t\t\t\t\t\t\t<div class=\"elementor-toggle\">\n\t\t\t\t\t\t\t<div class=\"elementor-toggle-item\">\n\t\t\t\t\t<div id=\"elementor-tab-title-6491\" class=\"elementor-tab-title\" data-tab=\"1\" role=\"button\" aria-controls=\"elementor-tab-content-6491\" aria-expanded=\"false\">\n\t\t\t\t\t\t\t\t\t\t\t\t<span class=\"elementor-toggle-icon elementor-toggle-icon-left\" aria-hidden=\"true\">\n\t\t\t\t\t\t\t\t\t\t\t\t\t\t\t<span class=\"elementor-toggle-icon-closed\"><i class=\"fas fa-caret-right\"><\/i><\/span>\n\t\t\t\t\t\t\t\t<span class=\"elementor-toggle-icon-opened\"><i class=\"elementor-toggle-icon-opened fas fa-caret-up\"><\/i><\/span>\n\t\t\t\t\t\t\t\t\t\t\t\t\t<\/span>\n\t\t\t\t\t\t\t\t\t\t\t\t<a class=\"elementor-toggle-title\" tabindex=\"0\">Seid ihr eine Gewerkschaft?<\/a>\n\t\t\t\t\t<\/div>\n\n\t\t\t\t\t<div id=\"elementor-tab-content-6491\" class=\"elementor-tab-content elementor-clearfix\" data-tab=\"1\" role=\"region\" aria-labelledby=\"elementor-tab-title-6491\"><p>Nein, wir sind keine Gewerkschaft, sondern ein unabh\u00e4ngige Betriebsgruppe mit unseren Betriebsr\u00e4ten. Wir vertreten die Interessen der Besch\u00e4ftigten direkt im Betrieb.<\/p><\/div>\n\t\t\t\t<\/div>\n\t\t\t\t\t\t\t<div class=\"elementor-toggle-item\">\n\t\t\t\t\t<div id=\"elementor-tab-title-6492\" class=\"elementor-tab-title\" data-tab=\"2\" role=\"button\" aria-controls=\"elementor-tab-content-6492\" aria-expanded=\"false\">\n\t\t\t\t\t\t\t\t\t\t\t\t<span class=\"elementor-toggle-icon elementor-toggle-icon-left\" aria-hidden=\"true\">\n\t\t\t\t\t\t\t\t\t\t\t\t\t\t\t<span class=\"elementor-toggle-icon-closed\"><i class=\"fas fa-caret-right\"><\/i><\/span>\n\t\t\t\t\t\t\t\t<span class=\"elementor-toggle-icon-opened\"><i class=\"elementor-toggle-icon-opened fas fa-caret-up\"><\/i><\/span>\n\t\t\t\t\t\t\t\t\t\t\t\t\t<\/span>\n\t\t\t\t\t\t\t\t\t\t\t\t<a class=\"elementor-toggle-title\" tabindex=\"0\">Was ist der Unterschied zwischen Gewerkschaft und Betriebsrat?<\/a>\n\t\t\t\t\t<\/div>\n\n\t\t\t\t\t<div id=\"elementor-tab-content-6492\" class=\"elementor-tab-content elementor-clearfix\" data-tab=\"2\" role=\"region\" aria-labelledby=\"elementor-tab-title-6492\"><p>Der Betriebsrat k\u00fcmmert sich um Mitbestimmung und Rechte im Betrieb. Gewerkschaften handeln \u00fcberbetrieblich Tarifvertr\u00e4ge aus und vertreten Besch\u00e4ftigte auf Branchenebene.<\/p><\/div>\n\t\t\t\t<\/div>\n\t\t\t\t\t\t\t<div class=\"elementor-toggle-item\">\n\t\t\t\t\t<div id=\"elementor-tab-title-6493\" class=\"elementor-tab-title\" data-tab=\"3\" role=\"button\" aria-controls=\"elementor-tab-content-6493\" aria-expanded=\"false\">\n\t\t\t\t\t\t\t\t\t\t\t\t<span class=\"elementor-toggle-icon elementor-toggle-icon-left\" aria-hidden=\"true\">\n\t\t\t\t\t\t\t\t\t\t\t\t\t\t\t<span class=\"elementor-toggle-icon-closed\"><i class=\"fas fa-caret-right\"><\/i><\/span>\n\t\t\t\t\t\t\t\t<span class=\"elementor-toggle-icon-opened\"><i class=\"elementor-toggle-icon-opened fas fa-caret-up\"><\/i><\/span>\n\t\t\t\t\t\t\t\t\t\t\t\t\t<\/span>\n\t\t\t\t\t\t\t\t\t\t\t\t<a class=\"elementor-toggle-title\" tabindex=\"0\">Mit welchen Themen kann ich zu euch kommen?<\/a>\n\t\t\t\t\t<\/div>\n\n\t\t\t\t\t<div id=\"elementor-tab-content-6493\" class=\"elementor-tab-content elementor-clearfix\" data-tab=\"3\" role=\"region\" aria-labelledby=\"elementor-tab-title-6493\"><p>Zum Beispiel bei Fragen zu Arbeitszeiten, Urlaub, Gesundheitsschutz, BEM &#8211; Gespr\u00e4che Wiedereingliederung nach Krankheit, Konflikten am Arbeitsplatz oder pers\u00f6nlichen Anliegen.<\/p><\/div>\n\t\t\t\t<\/div>\n\t\t\t\t\t\t\t<div class=\"elementor-toggle-item\">\n\t\t\t\t\t<div id=\"elementor-tab-title-6494\" class=\"elementor-tab-title\" data-tab=\"4\" role=\"button\" aria-controls=\"elementor-tab-content-6494\" aria-expanded=\"false\">\n\t\t\t\t\t\t\t\t\t\t\t\t<span class=\"elementor-toggle-icon elementor-toggle-icon-left\" aria-hidden=\"true\">\n\t\t\t\t\t\t\t\t\t\t\t\t\t\t\t<span class=\"elementor-toggle-icon-closed\"><i class=\"fas fa-caret-right\"><\/i><\/span>\n\t\t\t\t\t\t\t\t<span class=\"elementor-toggle-icon-opened\"><i class=\"elementor-toggle-icon-opened fas fa-caret-up\"><\/i><\/span>\n\t\t\t\t\t\t\t\t\t\t\t\t\t<\/span>\n\t\t\t\t\t\t\t\t\t\t\t\t<a class=\"elementor-toggle-title\" tabindex=\"0\">Habt ihr einen Mitgliedsbeitrag?<\/a>\n\t\t\t\t\t<\/div>\n\n\t\t\t\t\t<div id=\"elementor-tab-content-6494\" class=\"elementor-tab-content elementor-clearfix\" data-tab=\"4\" role=\"region\" aria-labelledby=\"elementor-tab-title-6494\"><p>Nein, wir sind beitragsfrei!<\/p><\/div>\n\t\t\t\t<\/div>\n\t\t\t\t\t\t\t<div class=\"elementor-toggle-item\">\n\t\t\t\t\t<div id=\"elementor-tab-title-6495\" class=\"elementor-tab-title\" data-tab=\"5\" role=\"button\" aria-controls=\"elementor-tab-content-6495\" aria-expanded=\"false\">\n\t\t\t\t\t\t\t\t\t\t\t\t<span class=\"elementor-toggle-icon elementor-toggle-icon-left\" aria-hidden=\"true\">\n\t\t\t\t\t\t\t\t\t\t\t\t\t\t\t<span class=\"elementor-toggle-icon-closed\"><i class=\"fas fa-caret-right\"><\/i><\/span>\n\t\t\t\t\t\t\t\t<span class=\"elementor-toggle-icon-opened\"><i class=\"elementor-toggle-icon-opened fas fa-caret-up\"><\/i><\/span>\n\t\t\t\t\t\t\t\t\t\t\t\t\t<\/span>\n\t\t\t\t\t\t\t\t\t\t\t\t<a class=\"elementor-toggle-title\" tabindex=\"0\">Wie werde ich Mitglied oder kann mich einbringen?<\/a>\n\t\t\t\t\t<\/div>\n\n\t\t\t\t\t<div id=\"elementor-tab-content-6495\" class=\"elementor-tab-content elementor-clearfix\" data-tab=\"5\" role=\"region\" aria-labelledby=\"elementor-tab-title-6495\"><p>Jeder\/Jede\u00a0 darf Mitglied werden, einfach den Kontakt zu uns suchen. Gute Ideen und Gedanken nehmen wir gerne auf.<\/p><\/div>\n\t\t\t\t<\/div>\n\t\t\t\t\t\t\t<div class=\"elementor-toggle-item\">\n\t\t\t\t\t<div id=\"elementor-tab-title-6496\" class=\"elementor-tab-title\" data-tab=\"6\" role=\"button\" aria-controls=\"elementor-tab-content-6496\" aria-expanded=\"false\">\n\t\t\t\t\t\t\t\t\t\t\t\t<span class=\"elementor-toggle-icon elementor-toggle-icon-left\" aria-hidden=\"true\">\n\t\t\t\t\t\t\t\t\t\t\t\t\t\t\t<span class=\"elementor-toggle-icon-closed\"><i class=\"fas fa-caret-right\"><\/i><\/span>\n\t\t\t\t\t\t\t\t<span class=\"elementor-toggle-icon-opened\"><i class=\"elementor-toggle-icon-opened fas fa-caret-up\"><\/i><\/span>\n\t\t\t\t\t\t\t\t\t\t\t\t\t<\/span>\n\t\t\t\t\t\t\t\t\t\t\t\t<a class=\"elementor-toggle-title\" tabindex=\"0\">Wie erreiche ich euch?<\/a>\n\t\t\t\t\t<\/div>\n\n\t\t\t\t\t<div id=\"elementor-tab-content-6496\" class=\"elementor-tab-content elementor-clearfix\" data-tab=\"6\" role=\"region\" aria-labelledby=\"elementor-tab-title-6496\"><p>Ihr erreicht uns im Betrieb, bei regelm\u00e4\u00dfigen Treffen oder \u00fcber unsere Kontaktm\u00f6glichkeiten hier auf der Webseite.<\/p><\/div>\n\t\t\t\t<\/div>\n\t\t\t\t\t\t\t\t<\/div>\n\t\t\t\t\t\t<\/div>\n\t\t\t\t<\/div>\n\t\t\t\t\t<\/div>\n\t\t<\/div>\n\t\t\t\t\t<\/div>\n\t\t<\/section>\n\t\t\t\t<section class=\"elementor-section elementor-top-section elementor-element elementor-element-ebfaeb2 elementor-section-boxed elementor-section-height-default elementor-section-height-default\" data-id=\"ebfaeb2\" data-element_type=\"section\" data-e-type=\"section\">\n\t\t\t\t\t\t<div class=\"elementor-container elementor-column-gap-default\">\n\t\t\t\t\t<div class=\"elementor-column elementor-col-100 elementor-top-column elementor-element elementor-element-88a6f8e\" data-id=\"88a6f8e\" data-element_type=\"column\" data-e-type=\"column\">\n\t\t\t<div class=\"elementor-widget-wrap\">\n\t\t\t\t\t\t\t<\/div>\n\t\t<\/div>\n\t\t\t\t\t<\/div>\n\t\t<\/section>\n\t\t\t\t<\/div>\n\t\t","protected":false},"excerpt":{"rendered":"<p>Wer wir sind Wir vom FUCB setzen uns als unabh\u00e4ngige Betriebsgruppe mit unseren Betriebsr\u00e4ten f\u00fcr die Interessen aller Besch\u00e4ftigten ein. Uns ist wichtig, dass jede Stimme geh\u00f6rt wird und wir [&hellip;]<\/p>\n","protected":false},"author":1,"featured_media":0,"parent":0,"menu_order":0,"comment_status":"closed","ping_status":"closed","template":"","meta":{"footnotes":""},"folder":[],"class_list":["post-104","page","type-page","status-publish","hentry"],"publishpress_future_action":{"enabled":false,"date":"2026-04-26 11:04:28","action":"change-status","newStatus":"draft","terms":[],"taxonomy":"folder","extraData":[]},"publishpress_future_workflow_manual_trigger":{"enabledWorkflows":[]},"_links":{"self":[{"href":"https:\/\/fucb.de\/index.php?rest_route=\/wp\/v2\/pages\/104","targetHints":{"allow":["GET"]}}],"collection":[{"href":"https:\/\/fucb.de\/index.php?rest_route=\/wp\/v2\/pages"}],"about":[{"href":"https:\/\/fucb.de\/index.php?rest_route=\/wp\/v2\/types\/page"}],"author":[{"embeddable":true,"href":"https:\/\/fucb.de\/index.php?rest_route=\/wp\/v2\/users\/1"}],"replies":[{"embeddable":true,"href":"https:\/\/fucb.de\/index.php?rest_route=%2Fwp%2Fv2%2Fcomments&post=104"}],"version-history":[{"count":6,"href":"https:\/\/fucb.de\/index.php?rest_route=\/wp\/v2\/pages\/104\/revisions"}],"predecessor-version":[{"id":578,"href":"https:\/\/fucb.de\/index.php?rest_route=\/wp\/v2\/pages\/104\/revisions\/578"}],"wp:attachment":[{"href":"https:\/\/fucb.de\/index.php?rest_route=%2Fwp%2Fv2%2Fmedia&parent=104"}],"wp:term":[{"taxonomy":"folder","embeddable":true,"href":"https:\/\/fucb.de\/index.php?rest_route=%2Fwp%2Fv2%2Ffolder&post=104"}],"curies":[{"name":"wp","href":"https:\/\/api.w.org\/{rel}","templated":true}]}}