{"id":106,"date":"2023-02-10T08:11:21","date_gmt":"2023-02-10T08:11:21","guid":{"rendered":"https:\/\/fucb.de\/?page_id=106"},"modified":"2025-10-08T18:47:37","modified_gmt":"2025-10-08T18:47:37","slug":"aufgaben","status":"publish","type":"page","link":"https:\/\/fucb.de\/?page_id=106","title":{"rendered":"Aufgaben"},"content":{"rendered":"\n<p>Der Betriebsrat wird alle vier Jahre von allen wahlberechtigten Besch\u00e4ftigten gew\u00e4hlt. Unsere Aufgabe ist es, die Interessen der Belegschaft zu vertreten und sicherzustellen, dass wir alle fair, respektvoll und nach geltendem Recht behandelt werden.<\/p>\n\n\n\n<p><strong>Was wir f\u00fcr dich tun<\/strong><\/p>\n\n\n\n<ul class=\"wp-block-list\">\n<li>Rechte sichern: Wir achten darauf, dass Gesetze, Betriebsvereinbarungen und Regelungen im Alltag eingehalten werden.<\/li>\n\n\n\n<li>Mitbestimmen: Ob Arbeitszeit, Urlaubsplanung oder Arbeitsorganisation \u2013 wir sprechen bei wichtigen Themen mit und sorgen daf\u00fcr, dass deine Stimme geh\u00f6rt wird.<\/li>\n\n\n\n<li>Anliegen weitergeben: Wir nehmen Anregungen und Sorgen aus der Belegschaft auf und bringen sie in Gespr\u00e4chen mit dem Arbeitgeber ein.<\/li>\n\n\n\n<li>Gleichbehandlung f\u00f6rdern: Jeder soll die gleichen Chancen haben \u2013 unabh\u00e4ngig von Herkunft, Religion, Geschlecht, Identit\u00e4t oder Meinung.<\/li>\n\n\n\n<li>Arbeitsbedingungen verbessern: Wir setzen uns daf\u00fcr ein, dass Arbeit menschlich bleibt und alle sich im Betrieb wohlf\u00fchlen k\u00f6nnen.<\/li>\n<\/ul>\n\n\n\n<p><strong>Warum das wichtig ist<\/strong><\/p>\n\n\n\n<p>Nicht jede oder jeder Einzelne kann mit dem Arbeitgeber \u00fcber alles verhandeln. Gemeinsam im Betriebsrat haben wir eine starke Stimme, die f\u00fcr alle Besch\u00e4ftigten spricht.<\/p>\n\n\n\n<p><\/p>\n\n\n\n<p><\/p>\n\n\n\n<p><\/p>\n\n\n\n<p><\/p>\n\n\n\n<p><\/p>\n\n\n\n<p><\/p>\n\n\n\n<p><\/p>\n","protected":false},"excerpt":{"rendered":"<p>Der Betriebsrat wird alle vier Jahre von allen wahlberechtigten Besch\u00e4ftigten gew\u00e4hlt. Unsere Aufgabe ist es, die Interessen der Belegschaft zu vertreten und sicherzustellen, dass wir alle fair, respektvoll und nach [&hellip;]<\/p>\n","protected":false},"author":1,"featured_media":0,"parent":0,"menu_order":0,"comment_status":"closed","ping_status":"closed","template":"","meta":{"footnotes":""},"folder":[],"class_list":["post-106","page","type-page","status-publish","hentry"],"publishpress_future_action":{"enabled":false,"date":"2026-04-24 14:24:15","action":"change-status","newStatus":"draft","terms":[],"taxonomy":"folder","extraData":[]},"publishpress_future_workflow_manual_trigger":{"enabledWorkflows":[]},"_links":{"self":[{"href":"https:\/\/fucb.de\/index.php?rest_route=\/wp\/v2\/pages\/106","targetHints":{"allow":["GET"]}}],"collection":[{"href":"https:\/\/fucb.de\/index.php?rest_route=\/wp\/v2\/pages"}],"about":[{"href":"https:\/\/fucb.de\/index.php?rest_route=\/wp\/v2\/types\/page"}],"author":[{"embeddable":true,"href":"https:\/\/fucb.de\/index.php?rest_route=\/wp\/v2\/users\/1"}],"replies":[{"embeddable":true,"href":"https:\/\/fucb.de\/index.php?rest_route=%2Fwp%2Fv2%2Fcomments&post=106"}],"version-history":[{"count":5,"href":"https:\/\/fucb.de\/index.php?rest_route=\/wp\/v2\/pages\/106\/revisions"}],"predecessor-version":[{"id":580,"href":"https:\/\/fucb.de\/index.php?rest_route=\/wp\/v2\/pages\/106\/revisions\/580"}],"wp:attachment":[{"href":"https:\/\/fucb.de\/index.php?rest_route=%2Fwp%2Fv2%2Fmedia&parent=106"}],"wp:term":[{"taxonomy":"folder","embeddable":true,"href":"https:\/\/fucb.de\/index.php?rest_route=%2Fwp%2Fv2%2Ffolder&post=106"}],"curies":[{"name":"wp","href":"https:\/\/api.w.org\/{rel}","templated":true}]}}